{"id":9,"date":"2018-04-16T10:34:40","date_gmt":"2018-04-16T10:34:40","guid":{"rendered":"https:\/\/casamaxima.es\/2018\/?page_id=9"},"modified":"2018-05-23T14:39:09","modified_gmt":"2018-05-23T14:39:09","slug":"casa-maxima","status":"publish","type":"page","link":"https:\/\/casamaxima.es\/?page_id=9","title":{"rendered":"Casa M\u00e1xima"},"content":{"rendered":"ngg_shortcode_0_placeholder\n<p>Casa M\u00e1xima es un bar-tienda que lleva con sus puertas abiertas m\u00e1s de un siglo. Respetando y haciendo gala del ultramarinos de anta\u00f1o, disponemos desde fruta y verdura fresca, hasta materiales de construcci\u00f3n, pasando por bar, ferreter\u00eda, charcuter\u00eda, zapatiller\u00eda entre un mill\u00f3n de cosas m\u00e1s.<\/p>\n<p>De todas formas no hay mejor manera de descubrir todos nuestros productos, c\u00f3mo venir a vernos.<\/p>\n","protected":false},"excerpt":{"rendered":"<p>\u00bb order_by=\u00bbsortorder\u00bb order_direction=\u00bbASC\u00bb returns=\u00bbincluded\u00bb maximum_entity_count=\u00bb500&#8243;] Casa M\u00e1xima es un bar-tienda que lleva con sus puertas abiertas m\u00e1s de un siglo. Respetando y haciendo gala del ultramarinos de anta\u00f1o, disponemos desde fruta y verdura fresca, hasta materiales de construcci\u00f3n, pasando por bar, ferreter\u00eda, charcuter\u00eda, zapatiller\u00eda entre un mill\u00f3n de cosas m\u00e1s. De todas formas no hay [&hellip;]<\/p>\n","protected":false},"author":1,"featured_media":206,"parent":0,"menu_order":0,"comment_status":"closed","ping_status":"closed","template":"","meta":{"_exactmetrics_skip_tracking":false,"_exactmetrics_sitenote_active":false,"_exactmetrics_sitenote_note":"","_exactmetrics_sitenote_category":0,"ngg_post_thumbnail":0,"footnotes":""},"class_list":["post-9","page","type-page","status-publish","has-post-thumbnail","czr-hentry"],"_links":{"self":[{"href":"https:\/\/casamaxima.es\/index.php?rest_route=\/wp\/v2\/pages\/9","targetHints":{"allow":["GET"]}}],"collection":[{"href":"https:\/\/casamaxima.es\/index.php?rest_route=\/wp\/v2\/pages"}],"about":[{"href":"https:\/\/casamaxima.es\/index.php?rest_route=\/wp\/v2\/types\/page"}],"author":[{"embeddable":true,"href":"https:\/\/casamaxima.es\/index.php?rest_route=\/wp\/v2\/users\/1"}],"replies":[{"embeddable":true,"href":"https:\/\/casamaxima.es\/index.php?rest_route=%2Fwp%2Fv2%2Fcomments&post=9"}],"version-history":[{"count":5,"href":"https:\/\/casamaxima.es\/index.php?rest_route=\/wp\/v2\/pages\/9\/revisions"}],"predecessor-version":[{"id":117,"href":"https:\/\/casamaxima.es\/index.php?rest_route=\/wp\/v2\/pages\/9\/revisions\/117"}],"wp:featuredmedia":[{"embeddable":true,"href":"https:\/\/casamaxima.es\/index.php?rest_route=\/wp\/v2\/media\/206"}],"wp:attachment":[{"href":"https:\/\/casamaxima.es\/index.php?rest_route=%2Fwp%2Fv2%2Fmedia&parent=9"}],"curies":[{"name":"wp","href":"https:\/\/api.w.org\/{rel}","templated":true}]}}