{"id":47,"date":"2018-04-16T11:02:08","date_gmt":"2018-04-16T11:02:08","guid":{"rendered":"https:\/\/casamaxima.es\/2018\/?page_id=47"},"modified":"2018-05-21T13:51:36","modified_gmt":"2018-05-21T13:51:36","slug":"casa-de-aldea-vache","status":"publish","type":"page","link":"https:\/\/casamaxima.es\/?page_id=47","title":{"rendered":"Casa de Aldea Vache"},"content":{"rendered":"ngg_shortcode_0_placeholder\n<p>Casa de Aldea Vache, es una centenaria casa de piedra , rehabilitada respetando la arquitectura tradicional.<\/p>\n<p>Esta dotada de:<\/p>\n<ul>\n<li>dos habitaciones dobles<\/li>\n<li>una habitaci\u00f3n sencilla<\/li>\n<li>cocina<\/li>\n<li>calefacci\u00f3n<\/li>\n<li>sal\u00f3n con chimenea<\/li>\n<li>ba\u00f1o completo<\/li>\n<li>dispone de aparcamiento y jard\u00edn con barbacoa.<\/li>\n<\/ul>\n<p>&nbsp;<\/p>\n","protected":false},"excerpt":{"rendered":"<p>\u00bb order_by=\u00bbsortorder\u00bb order_direction=\u00bbASC\u00bb returns=\u00bbincluded\u00bb maximum_entity_count=\u00bb500&#8243;] Casa de Aldea Vache, es una centenaria casa de piedra , rehabilitada respetando la arquitectura tradicional. Esta dotada de: dos habitaciones dobles una habitaci\u00f3n sencilla cocina calefacci\u00f3n sal\u00f3n con chimenea ba\u00f1o completo dispone de aparcamiento y jard\u00edn con barbacoa. &nbsp;<\/p>\n","protected":false},"author":1,"featured_media":321,"parent":11,"menu_order":0,"comment_status":"closed","ping_status":"closed","template":"","meta":{"_exactmetrics_skip_tracking":false,"_exactmetrics_sitenote_active":false,"_exactmetrics_sitenote_note":"","_exactmetrics_sitenote_category":0,"ngg_post_thumbnail":0,"footnotes":""},"class_list":["post-47","page","type-page","status-publish","has-post-thumbnail","czr-hentry"],"_links":{"self":[{"href":"https:\/\/casamaxima.es\/index.php?rest_route=\/wp\/v2\/pages\/47","targetHints":{"allow":["GET"]}}],"collection":[{"href":"https:\/\/casamaxima.es\/index.php?rest_route=\/wp\/v2\/pages"}],"about":[{"href":"https:\/\/casamaxima.es\/index.php?rest_route=\/wp\/v2\/types\/page"}],"author":[{"embeddable":true,"href":"https:\/\/casamaxima.es\/index.php?rest_route=\/wp\/v2\/users\/1"}],"replies":[{"embeddable":true,"href":"https:\/\/casamaxima.es\/index.php?rest_route=%2Fwp%2Fv2%2Fcomments&post=47"}],"version-history":[{"count":12,"href":"https:\/\/casamaxima.es\/index.php?rest_route=\/wp\/v2\/pages\/47\/revisions"}],"predecessor-version":[{"id":349,"href":"https:\/\/casamaxima.es\/index.php?rest_route=\/wp\/v2\/pages\/47\/revisions\/349"}],"up":[{"embeddable":true,"href":"https:\/\/casamaxima.es\/index.php?rest_route=\/wp\/v2\/pages\/11"}],"wp:featuredmedia":[{"embeddable":true,"href":"https:\/\/casamaxima.es\/index.php?rest_route=\/wp\/v2\/media\/321"}],"wp:attachment":[{"href":"https:\/\/casamaxima.es\/index.php?rest_route=%2Fwp%2Fv2%2Fmedia&parent=47"}],"curies":[{"name":"wp","href":"https:\/\/api.w.org\/{rel}","templated":true}]}}