{"id":38,"date":"2018-04-16T10:55:41","date_gmt":"2018-04-16T10:55:41","guid":{"rendered":"https:\/\/casamaxima.es\/2018\/?page_id=38"},"modified":"2023-01-02T22:37:46","modified_gmt":"2023-01-02T22:37:46","slug":"vivienda-vacacional-la-veiga","status":"publish","type":"page","link":"https:\/\/casamaxima.es\/?page_id=38","title":{"rendered":"Vivienda vacacional La Veiga"},"content":{"rendered":"<p>ngg_shortcode_0_placeholder<strong>Vivienda Vacacional La Veiga<\/strong>, que consta de:<\/p>\n<ul>\n<li>tres habitaciones dobles<\/li>\n<li>sal\u00f3n con chimenea<\/li>\n<li>cocina<\/li>\n<li>ba\u00f1o<\/li>\n<li>dispone de terraza con barbacoa<\/li>\n<li>aparcamiento<\/li>\n<li>calefacci\u00f3n<\/li>\n<\/ul>\n","protected":false},"excerpt":{"rendered":"<p>Vivienda Vacacional La Veiga, que consta de: tres habitaciones dobles sal\u00f3n con chimenea cocina ba\u00f1o dispone de terraza con barbacoa aparcamiento calefacci\u00f3n<\/p>\n","protected":false},"author":1,"featured_media":0,"parent":11,"menu_order":0,"comment_status":"closed","ping_status":"closed","template":"","meta":{"_exactmetrics_skip_tracking":false,"_exactmetrics_sitenote_active":false,"_exactmetrics_sitenote_note":"","_exactmetrics_sitenote_category":0,"ngg_post_thumbnail":0,"footnotes":""},"class_list":["post-38","page","type-page","status-publish","czr-hentry"],"_links":{"self":[{"href":"https:\/\/casamaxima.es\/index.php?rest_route=\/wp\/v2\/pages\/38","targetHints":{"allow":["GET"]}}],"collection":[{"href":"https:\/\/casamaxima.es\/index.php?rest_route=\/wp\/v2\/pages"}],"about":[{"href":"https:\/\/casamaxima.es\/index.php?rest_route=\/wp\/v2\/types\/page"}],"author":[{"embeddable":true,"href":"https:\/\/casamaxima.es\/index.php?rest_route=\/wp\/v2\/users\/1"}],"replies":[{"embeddable":true,"href":"https:\/\/casamaxima.es\/index.php?rest_route=%2Fwp%2Fv2%2Fcomments&post=38"}],"version-history":[{"count":7,"href":"https:\/\/casamaxima.es\/index.php?rest_route=\/wp\/v2\/pages\/38\/revisions"}],"predecessor-version":[{"id":428,"href":"https:\/\/casamaxima.es\/index.php?rest_route=\/wp\/v2\/pages\/38\/revisions\/428"}],"up":[{"embeddable":true,"href":"https:\/\/casamaxima.es\/index.php?rest_route=\/wp\/v2\/pages\/11"}],"wp:attachment":[{"href":"https:\/\/casamaxima.es\/index.php?rest_route=%2Fwp%2Fv2%2Fmedia&parent=38"}],"curies":[{"name":"wp","href":"https:\/\/api.w.org\/{rel}","templated":true}]}}