{"id":13,"date":"2018-04-16T10:35:17","date_gmt":"2018-04-16T10:35:17","guid":{"rendered":"https:\/\/casamaxima.es\/2018\/?page_id=13"},"modified":"2018-05-21T12:54:30","modified_gmt":"2018-05-21T12:54:30","slug":"localizacion","status":"publish","type":"page","link":"https:\/\/casamaxima.es\/?page_id=13","title":{"rendered":"Localizaci\u00f3n"},"content":{"rendered":"<p><iframe loading=\"lazy\" style=\"border: 0;\" src=\"https:\/\/www.google.com\/maps\/embed?pb=!1m14!1m8!1m3!1d11590.836157751226!2d-6.5325815!3d43.4249055!3m2!1i1024!2i768!4f13.1!3m3!1m2!1s0x0%3A0x4c75145134d5d1ca!2sCasa+M%C3%A1xima!5e0!3m2!1ses!2ses!4v1525773294388\" allowfullscreen=\"allowfullscreen\" width=\"100%\" height=\"650\" frameborder=\"0\"><\/iframe><\/p>\n<h2><strong>C\u00f3mo llegar:<\/strong><\/h2>\n<p><strong>Desde Oviedo y Galicia:<\/strong><br \/>\nLe recomendamos la A8 hasta Luarca, desde all\u00ed debe tomar la AS219 hasta nuestro destino.<\/p>\n<p><strong>Otra ruta alternativa:<\/strong><br \/>\nTambi\u00e9n puede ir por la A-63 hasta Cornellana, despu\u00e9s contin\u00fae por la N-634 hasta Tineo, posteriormente la AS-216, AS-350 y AS-219 hasta tu destino en Naraval.<\/p>\n","protected":false},"excerpt":{"rendered":"<p>C\u00f3mo llegar: Desde Oviedo y Galicia: Le recomendamos la A8 hasta Luarca, desde all\u00ed debe tomar la AS219 hasta nuestro destino. Otra ruta alternativa: Tambi\u00e9n puede ir por la A-63 hasta Cornellana, despu\u00e9s contin\u00fae por la N-634 hasta Tineo, posteriormente la AS-216, AS-350 y AS-219 hasta tu destino en Naraval.<\/p>\n","protected":false},"author":1,"featured_media":186,"parent":0,"menu_order":0,"comment_status":"closed","ping_status":"closed","template":"","meta":{"_exactmetrics_skip_tracking":false,"_exactmetrics_sitenote_active":false,"_exactmetrics_sitenote_note":"","_exactmetrics_sitenote_category":0,"ngg_post_thumbnail":0,"footnotes":""},"class_list":["post-13","page","type-page","status-publish","has-post-thumbnail","czr-hentry"],"_links":{"self":[{"href":"https:\/\/casamaxima.es\/index.php?rest_route=\/wp\/v2\/pages\/13","targetHints":{"allow":["GET"]}}],"collection":[{"href":"https:\/\/casamaxima.es\/index.php?rest_route=\/wp\/v2\/pages"}],"about":[{"href":"https:\/\/casamaxima.es\/index.php?rest_route=\/wp\/v2\/types\/page"}],"author":[{"embeddable":true,"href":"https:\/\/casamaxima.es\/index.php?rest_route=\/wp\/v2\/users\/1"}],"replies":[{"embeddable":true,"href":"https:\/\/casamaxima.es\/index.php?rest_route=%2Fwp%2Fv2%2Fcomments&post=13"}],"version-history":[{"count":8,"href":"https:\/\/casamaxima.es\/index.php?rest_route=\/wp\/v2\/pages\/13\/revisions"}],"predecessor-version":[{"id":318,"href":"https:\/\/casamaxima.es\/index.php?rest_route=\/wp\/v2\/pages\/13\/revisions\/318"}],"wp:featuredmedia":[{"embeddable":true,"href":"https:\/\/casamaxima.es\/index.php?rest_route=\/wp\/v2\/media\/186"}],"wp:attachment":[{"href":"https:\/\/casamaxima.es\/index.php?rest_route=%2Fwp%2Fv2%2Fmedia&parent=13"}],"curies":[{"name":"wp","href":"https:\/\/api.w.org\/{rel}","templated":true}]}}